{"id":47,"date":"2022-08-07T19:08:09","date_gmt":"2022-08-07T17:08:09","guid":{"rendered":"http:\/\/experienceslist.com\/?page_id=47"},"modified":"2022-08-07T19:28:55","modified_gmt":"2022-08-07T17:28:55","slug":"lagence","status":"publish","type":"page","link":"https:\/\/experienceslist.com\/index.php\/lagence\/","title":{"rendered":"L&#8217;agence"},"content":{"rendered":"\n<p>Notre objectif n\u00b01 au travers l&#8217;organisation de vos \u00e9v\u00e9nements : transmettre des \u00e9motions nouvelles et uniques. Elles s&#8217;ancrent dans vos m\u00e9moires afin de cr\u00e9er des souvenirs ind\u00e9l\u00e9biles !<\/p>\n\n\n\n<p>Depuis 2007, Ga\u00eblle B. s&#8217;\u00e9panouit dans l&#8217;\u00e9v\u00e9nementiel en faisant vivre \u00e0 ses clients, des moments d&#8217;exception, aux quatre coin du monde. Chaque secteur d&#8217;activit\u00e9, chaque entreprise, chaque service ayant des attentes et des besoins diff\u00e9rents, Ga\u00eblle imagine, cr\u00e9e, propose et con\u00e7oit vos \u00e9v\u00e9nements BtoB sur mesure, dans l&#8217;optique qu&#8217;il vous ressemble.<\/p>\n\n\n\n<p>Aujourd&#8217;hui, au travers de l&#8217;agence <strong>Experiences List<\/strong>, Ga\u00eblle et son \u00e9quipe partagent leur passion du m\u00e9tier et mettent \u00e0 votre service, leurs connaissances pour faciliter la mise en place de vos \u00e9v\u00e9nements, en France ou \u00e0 l&#8217;\u00e9tranger. <\/p>\n\n\n\n<p>Notre devise : Le monde est un terrain d&#8217;exp\u00e9riences infinies.<\/p>\n","protected":false},"excerpt":{"rendered":"<p>Notre objectif n\u00b01 au travers l&#8217;organisation de vos \u00e9v\u00e9nements : transmettre des \u00e9motions nouvelles et uniques. Elles s&#8217;ancrent dans vos m\u00e9moires afin de cr\u00e9er des souvenirs ind\u00e9l\u00e9biles ! Depuis 2007, Ga\u00eblle B. s&#8217;\u00e9panouit dans l&#8217;\u00e9v\u00e9nementiel en faisant vivre \u00e0 ses clients, des moments d&#8217;exception, aux quatre coin du monde. Chaque secteur d&#8217;activit\u00e9, chaque entreprise, chaque &hellip; <\/p>\n<p class=\"link-more\"><a href=\"https:\/\/experienceslist.com\/index.php\/lagence\/\" class=\"more-link\">Read more<span class=\"screen-reader-text\"> &#8220;L&#8217;agence&#8221;<\/span><\/a><\/p>\n","protected":false},"author":1,"featured_media":0,"parent":0,"menu_order":0,"comment_status":"closed","ping_status":"closed","template":"","meta":{"footnotes":""},"class_list":["post-47","page","type-page","status-publish","hentry"],"featured_media_urls":[],"_links":{"self":[{"href":"https:\/\/experienceslist.com\/index.php\/wp-json\/wp\/v2\/pages\/47","targetHints":{"allow":["GET"]}}],"collection":[{"href":"https:\/\/experienceslist.com\/index.php\/wp-json\/wp\/v2\/pages"}],"about":[{"href":"https:\/\/experienceslist.com\/index.php\/wp-json\/wp\/v2\/types\/page"}],"author":[{"embeddable":true,"href":"https:\/\/experienceslist.com\/index.php\/wp-json\/wp\/v2\/users\/1"}],"replies":[{"embeddable":true,"href":"https:\/\/experienceslist.com\/index.php\/wp-json\/wp\/v2\/comments?post=47"}],"version-history":[{"count":3,"href":"https:\/\/experienceslist.com\/index.php\/wp-json\/wp\/v2\/pages\/47\/revisions"}],"predecessor-version":[{"id":54,"href":"https:\/\/experienceslist.com\/index.php\/wp-json\/wp\/v2\/pages\/47\/revisions\/54"}],"wp:attachment":[{"href":"https:\/\/experienceslist.com\/index.php\/wp-json\/wp\/v2\/media?parent=47"}],"curies":[{"name":"wp","href":"https:\/\/api.w.org\/{rel}","templated":true}]}}