{"id":2,"date":"2022-08-04T12:42:33","date_gmt":"2022-08-04T10:42:33","guid":{"rendered":"http:\/\/experienceslist.com\/?page_id=2"},"modified":"2022-08-07T19:09:08","modified_gmt":"2022-08-07T17:09:08","slug":"page-d-exemple","status":"publish","type":"page","link":"https:\/\/experienceslist.com\/","title":{"rendered":"Site en construction"},"content":{"rendered":"\n<p>L&#8217;agence<strong> Experiences List <\/strong>travaille \u00e0 l&#8217;\u00e9laboration d&#8217;un site internet pr\u00e9sentant au mieux ses activit\u00e9s !<\/p>\n\n\n\n<p>Encore un peu de patience &#8230; Et surtout un bel \u00e9t\u00e9.<\/p>\n","protected":false},"excerpt":{"rendered":"<p>L&#8217;agence Experiences List travaille \u00e0 l&#8217;\u00e9laboration d&#8217;un site internet pr\u00e9sentant au mieux ses activit\u00e9s ! Encore un peu de patience &#8230; Et surtout un bel \u00e9t\u00e9.<\/p>\n","protected":false},"author":1,"featured_media":0,"parent":0,"menu_order":0,"comment_status":"closed","ping_status":"open","template":"","meta":{"footnotes":""},"class_list":["post-2","page","type-page","status-publish","hentry"],"featured_media_urls":[],"_links":{"self":[{"href":"https:\/\/experienceslist.com\/index.php\/wp-json\/wp\/v2\/pages\/2","targetHints":{"allow":["GET"]}}],"collection":[{"href":"https:\/\/experienceslist.com\/index.php\/wp-json\/wp\/v2\/pages"}],"about":[{"href":"https:\/\/experienceslist.com\/index.php\/wp-json\/wp\/v2\/types\/page"}],"author":[{"embeddable":true,"href":"https:\/\/experienceslist.com\/index.php\/wp-json\/wp\/v2\/users\/1"}],"replies":[{"embeddable":true,"href":"https:\/\/experienceslist.com\/index.php\/wp-json\/wp\/v2\/comments?post=2"}],"version-history":[{"count":3,"href":"https:\/\/experienceslist.com\/index.php\/wp-json\/wp\/v2\/pages\/2\/revisions"}],"predecessor-version":[{"id":51,"href":"https:\/\/experienceslist.com\/index.php\/wp-json\/wp\/v2\/pages\/2\/revisions\/51"}],"wp:attachment":[{"href":"https:\/\/experienceslist.com\/index.php\/wp-json\/wp\/v2\/media?parent=2"}],"curies":[{"name":"wp","href":"https:\/\/api.w.org\/{rel}","templated":true}]}}